{"id":20,"date":"2019-01-22T14:44:13","date_gmt":"2019-01-22T13:44:13","guid":{"rendered":"http:\/\/canalj.be\/?page_id=20"},"modified":"2025-03-13T11:22:59","modified_gmt":"2025-03-13T10:22:59","slug":"contact","status":"publish","type":"page","link":"https:\/\/canalj.be\/index.php\/contact\/","title":{"rendered":"L&rsquo;\u00e9quipe"},"content":{"rendered":"\n<p><strong>L&rsquo;\u00e9quipe de Canal J :<\/strong><br><\/p>\n\n\n\n<figure class=\"is-layout-flex wp-block-gallery-1 wp-block-gallery has-nested-images columns-4 is-cropped\">\n<figure class=\"wp-block-image size-large\"><img decoding=\"async\" loading=\"lazy\" width=\"2048\" height=\"2048\" data-id=\"842\"  src=\"http:\/\/canalj.be\/wp-content\/uploads\/2025\/03\/4-1024x1024.png\" alt=\"\" class=\"wp-image-842\" srcset=\"https:\/\/canalj.be\/wp-content\/uploads\/2025\/03\/4-1024x1024.png 1024w, https:\/\/canalj.be\/wp-content\/uploads\/2025\/03\/4-300x300.png 300w, https:\/\/canalj.be\/wp-content\/uploads\/2025\/03\/4-150x150.png 150w, https:\/\/canalj.be\/wp-content\/uploads\/2025\/03\/4-768x768.png 768w, https:\/\/canalj.be\/wp-content\/uploads\/2025\/03\/4-1536x1536.png 1536w, https:\/\/canalj.be\/wp-content\/uploads\/2025\/03\/4.png 2048w, https:\/\/canalj.be\/wp-content\/uploads\/2025\/03\/4-1600x1600.png 1600w\" sizes=\"(max-width: 2048px) 100vw, 2048px\" \/><figcaption class=\"wp-element-caption\">C\u00e9line Willemyns, directrice, assistante sociale<\/figcaption><\/figure>\n\n\n\n<figure class=\"wp-block-image size-large\"><img decoding=\"async\" loading=\"lazy\" width=\"1024\" height=\"1024\" data-id=\"844\"  src=\"http:\/\/canalj.be\/wp-content\/uploads\/2025\/03\/6-1024x1024.png\" alt=\"\" class=\"wp-image-844\" srcset=\"https:\/\/canalj.be\/wp-content\/uploads\/2025\/03\/6-1024x1024.png 1024w, https:\/\/canalj.be\/wp-content\/uploads\/2025\/03\/6-300x300.png 300w, https:\/\/canalj.be\/wp-content\/uploads\/2025\/03\/6-150x150.png 150w, https:\/\/canalj.be\/wp-content\/uploads\/2025\/03\/6-768x768.png 768w, https:\/\/canalj.be\/wp-content\/uploads\/2025\/03\/6-1536x1536.png 1536w, https:\/\/canalj.be\/wp-content\/uploads\/2025\/03\/6.png 2048w, https:\/\/canalj.be\/wp-content\/uploads\/2025\/03\/6-1600x1600.png 1600w\" sizes=\"(max-width: 1024px) 100vw, 1024px\" \/><figcaption class=\"wp-element-caption\">J\u00e9r\u00f4me Callewaert, \u00e9ducateur<\/figcaption><\/figure>\n\n\n\n<figure class=\"wp-block-image size-large\"><img decoding=\"async\" loading=\"lazy\" width=\"1024\" height=\"1024\" data-id=\"839\"  src=\"http:\/\/canalj.be\/wp-content\/uploads\/2025\/03\/1-1024x1024.png\" alt=\"\" class=\"wp-image-839\" srcset=\"https:\/\/canalj.be\/wp-content\/uploads\/2025\/03\/1-1024x1024.png 1024w, https:\/\/canalj.be\/wp-content\/uploads\/2025\/03\/1-300x300.png 300w, https:\/\/canalj.be\/wp-content\/uploads\/2025\/03\/1-150x150.png 150w, https:\/\/canalj.be\/wp-content\/uploads\/2025\/03\/1-768x768.png 768w, https:\/\/canalj.be\/wp-content\/uploads\/2025\/03\/1-1536x1536.png 1536w, https:\/\/canalj.be\/wp-content\/uploads\/2025\/03\/1.png 2048w, https:\/\/canalj.be\/wp-content\/uploads\/2025\/03\/1-1600x1600.png 1600w\" sizes=\"(max-width: 1024px) 100vw, 1024px\" \/><figcaption class=\"wp-element-caption\">Thomas Cassiers, \u00e9ducateur<\/figcaption><\/figure>\n\n\n\n<figure class=\"wp-block-image size-large\"><img decoding=\"async\" loading=\"lazy\" width=\"1024\" height=\"1024\" data-id=\"841\"  src=\"http:\/\/canalj.be\/wp-content\/uploads\/2025\/03\/3-1024x1024.png\" alt=\"\" class=\"wp-image-841\" srcset=\"https:\/\/canalj.be\/wp-content\/uploads\/2025\/03\/3-1024x1024.png 1024w, https:\/\/canalj.be\/wp-content\/uploads\/2025\/03\/3-300x300.png 300w, https:\/\/canalj.be\/wp-content\/uploads\/2025\/03\/3-150x150.png 150w, https:\/\/canalj.be\/wp-content\/uploads\/2025\/03\/3-768x768.png 768w, https:\/\/canalj.be\/wp-content\/uploads\/2025\/03\/3-1536x1536.png 1536w, https:\/\/canalj.be\/wp-content\/uploads\/2025\/03\/3.png 2048w, https:\/\/canalj.be\/wp-content\/uploads\/2025\/03\/3-1600x1600.png 1600w\" sizes=\"(max-width: 1024px) 100vw, 1024px\" \/><figcaption class=\"wp-element-caption\">Cl\u00e9ment Leclercq, \u00e9ducateur<\/figcaption><\/figure>\n\n\n\n<figure class=\"wp-block-image size-large\"><img decoding=\"async\" loading=\"lazy\" width=\"1024\" height=\"1024\" data-id=\"843\"  src=\"http:\/\/canalj.be\/wp-content\/uploads\/2025\/03\/5-1024x1024.png\" alt=\"\" class=\"wp-image-843\" srcset=\"https:\/\/canalj.be\/wp-content\/uploads\/2025\/03\/5-1024x1024.png 1024w, https:\/\/canalj.be\/wp-content\/uploads\/2025\/03\/5-300x300.png 300w, https:\/\/canalj.be\/wp-content\/uploads\/2025\/03\/5-150x150.png 150w, https:\/\/canalj.be\/wp-content\/uploads\/2025\/03\/5-768x768.png 768w, https:\/\/canalj.be\/wp-content\/uploads\/2025\/03\/5-1536x1536.png 1536w, https:\/\/canalj.be\/wp-content\/uploads\/2025\/03\/5.png 2048w, https:\/\/canalj.be\/wp-content\/uploads\/2025\/03\/5-1600x1600.png 1600w\" sizes=\"(max-width: 1024px) 100vw, 1024px\" \/><figcaption class=\"wp-element-caption\">Odile Semaille, \u00e9ducatrice<\/figcaption><\/figure>\n\n\n\n<figure class=\"wp-block-image size-large\"><img decoding=\"async\" loading=\"lazy\" width=\"1024\" height=\"1024\" data-id=\"840\"  src=\"http:\/\/canalj.be\/wp-content\/uploads\/2025\/03\/2-1024x1024.png\" alt=\"\" class=\"wp-image-840\" srcset=\"https:\/\/canalj.be\/wp-content\/uploads\/2025\/03\/2-1024x1024.png 1024w, https:\/\/canalj.be\/wp-content\/uploads\/2025\/03\/2-300x300.png 300w, https:\/\/canalj.be\/wp-content\/uploads\/2025\/03\/2-150x150.png 150w, https:\/\/canalj.be\/wp-content\/uploads\/2025\/03\/2-768x768.png 768w, https:\/\/canalj.be\/wp-content\/uploads\/2025\/03\/2-1536x1536.png 1536w, https:\/\/canalj.be\/wp-content\/uploads\/2025\/03\/2.png 2048w, https:\/\/canalj.be\/wp-content\/uploads\/2025\/03\/2-1600x1600.png 1600w\" sizes=\"(max-width: 1024px) 100vw, 1024px\" \/><figcaption class=\"wp-element-caption\">Muriel Vancoppenolle, \u00e9ducatrice<\/figcaption><\/figure>\n\n\n\n<figure class=\"wp-block-image size-large\"><img decoding=\"async\" loading=\"lazy\" width=\"1024\" height=\"1024\" data-id=\"846\"  src=\"http:\/\/canalj.be\/wp-content\/uploads\/2025\/03\/8-1024x1024.png\" alt=\"\" class=\"wp-image-846\" srcset=\"https:\/\/canalj.be\/wp-content\/uploads\/2025\/03\/8-1024x1024.png 1024w, https:\/\/canalj.be\/wp-content\/uploads\/2025\/03\/8-300x300.png 300w, https:\/\/canalj.be\/wp-content\/uploads\/2025\/03\/8-150x150.png 150w, https:\/\/canalj.be\/wp-content\/uploads\/2025\/03\/8-768x768.png 768w, https:\/\/canalj.be\/wp-content\/uploads\/2025\/03\/8-1536x1536.png 1536w, https:\/\/canalj.be\/wp-content\/uploads\/2025\/03\/8.png 2048w, https:\/\/canalj.be\/wp-content\/uploads\/2025\/03\/8-1600x1600.png 1600w\" sizes=\"(max-width: 1024px) 100vw, 1024px\" \/><figcaption class=\"wp-element-caption\">Laurine Michel, \u00e9ducatrice<\/figcaption><\/figure>\n\n\n\n<figure class=\"wp-block-image size-large\"><img decoding=\"async\" loading=\"lazy\" width=\"1024\" height=\"1024\" data-id=\"845\"  src=\"http:\/\/canalj.be\/wp-content\/uploads\/2025\/03\/7-1024x1024.png\" alt=\"\" class=\"wp-image-845\" srcset=\"https:\/\/canalj.be\/wp-content\/uploads\/2025\/03\/7-1024x1024.png 1024w, https:\/\/canalj.be\/wp-content\/uploads\/2025\/03\/7-300x300.png 300w, https:\/\/canalj.be\/wp-content\/uploads\/2025\/03\/7-150x150.png 150w, https:\/\/canalj.be\/wp-content\/uploads\/2025\/03\/7-768x768.png 768w, https:\/\/canalj.be\/wp-content\/uploads\/2025\/03\/7-1536x1536.png 1536w, https:\/\/canalj.be\/wp-content\/uploads\/2025\/03\/7.png 2048w, https:\/\/canalj.be\/wp-content\/uploads\/2025\/03\/7-1600x1600.png 1600w\" sizes=\"(max-width: 1024px) 100vw, 1024px\" \/><figcaption class=\"wp-element-caption\">Paola Messina, r\u00e9dactrice<\/figcaption><\/figure>\n<\/figure>\n\n\n\n<p>Pour contacter Canal J, l&rsquo;adresse g\u00e9n\u00e9rale est <a href=\"mailto:info@canalj.be\">info@canalj.be<\/a><br><br>Vous pouvez \u00e9galement contacter chaque travailleur personnellement aux adresses suivantes :<\/p>\n\n\n\n<p>C\u00e9line Willemyns, directrice, assistante sociale :<a href=\"mailto:celine.willemyns@canalj.be\"> celine.willemyns@canalj.be<\/a> <br>J\u00e9r\u00f4me Callewaert, \u00e9ducateur : <a href=\"mailto:jerome.callewaert@canalj.be\">jerome.callewaert@canalj.be<\/a> <br>Thomas Cassiers, \u00e9ducateur : <a href=\"mailto:thomas.cassiers@canalj.be\">thomas.cassiers@canalj.be<\/a> <br>Cl\u00e9ment Leclercq, \u00e9ducateur : <a href=\"mailto:clement.leclercq@canalj.be\">clement.leclercq@canalj.be<\/a> <br>Odile Semaille, \u00e9ducatrice : <a href=\"mailto:odile.semaille@canalj.be\">odile.semaille@canalj.be<\/a> <br>Muriel Vancoppenolle, \u00e9ducatrice : <a href=\"mailto:muriel.vancoppenolle@canalj.be\">muriel.vancoppenolle@canalj.be<\/a> <br>Laurine Michel, \u00e9ducatrice : <a href=\"mailto:laurine.michel@canalj.be\">laurine.michel@canalj.be<\/a><br>Paola Messina, r\u00e9dactrice : <a href=\"mailto:secretariat@canalj.be\">secretariat@canalj.be<\/a><\/p>\n\n\n\n<p><\/p>\n\n\n\n<figure class=\"wp-block-image\"><img alt=\"\"\/><\/figure>\n\n\n\n<figure class=\"wp-block-image\"><img alt=\"\"\/><\/figure>\n\n\n\n<div class=\"wp-block-file\"><a href=\"http:\/\/canalj.be\/wp-content\/uploads\/2023\/03\/equipe2019.jpeg\" class=\"wp-block-file__button wp-element-button\" download><\/a><\/div>\n","protected":false},"excerpt":{"rendered":"<p>L&rsquo;\u00e9quipe de Canal J : Pour contacter Canal J, l&rsquo;adresse g\u00e9n\u00e9rale est info@canalj.be Vous pouvez \u00e9galement contacter chaque travailleur personnellement&hellip;<\/p>\n","protected":false},"author":1,"featured_media":0,"parent":0,"menu_order":3,"comment_status":"closed","ping_status":"closed","template":"","meta":[],"_links":{"self":[{"href":"https:\/\/canalj.be\/index.php\/wp-json\/wp\/v2\/pages\/20"}],"collection":[{"href":"https:\/\/canalj.be\/index.php\/wp-json\/wp\/v2\/pages"}],"about":[{"href":"https:\/\/canalj.be\/index.php\/wp-json\/wp\/v2\/types\/page"}],"author":[{"embeddable":true,"href":"https:\/\/canalj.be\/index.php\/wp-json\/wp\/v2\/users\/1"}],"replies":[{"embeddable":true,"href":"https:\/\/canalj.be\/index.php\/wp-json\/wp\/v2\/comments?post=20"}],"version-history":[{"count":46,"href":"https:\/\/canalj.be\/index.php\/wp-json\/wp\/v2\/pages\/20\/revisions"}],"predecessor-version":[{"id":851,"href":"https:\/\/canalj.be\/index.php\/wp-json\/wp\/v2\/pages\/20\/revisions\/851"}],"wp:attachment":[{"href":"https:\/\/canalj.be\/index.php\/wp-json\/wp\/v2\/media?parent=20"}],"curies":[{"name":"wp","href":"https:\/\/api.w.org\/{rel}","templated":true}]}}