{"id":16,"date":"2019-01-22T14:25:05","date_gmt":"2019-01-22T13:25:05","guid":{"rendered":"http:\/\/canalj.be\/?page_id=16"},"modified":"2025-01-31T10:47:43","modified_gmt":"2025-01-31T09:47:43","slug":"aide-individuelle","status":"publish","type":"page","link":"https:\/\/canalj.be\/index.php\/aide-individuelle\/","title":{"rendered":"Accompagnement individuel"},"content":{"rendered":"<p><strong>Canal J<\/strong> peut <strong>accompagner<\/strong>, <strong>aider<\/strong> <strong>les jeunes de 0 \u00e0 22 ans et\/ou leur famille<\/strong> dans diff\u00e9rents domaines : <strong>\u00e9ducatif, social, soutien dans les d\u00e9marches administratives, communication dans la famille<\/strong>&#8230;<br \/>Nous pouvons \u00e9galement <strong>orienter<\/strong> et accompagner vers des services plus sp\u00e9cialis\u00e9s, par exemple en cas de demande pour un suivi psychologique ou th\u00e9rapeutique&#8230;<\/p>\n<p>Cet accompagnement individuel se fait sous forme de <strong>rendez-vous, d\u2019activit\u00e9s, de diff\u00e9rents groupes<\/strong>. Nous pouvons recevoir aussi bien <strong>dans nos locaux, que nous d\u00e9placer \u00e0 domicile.<\/strong><br \/>Notre service est situ\u00e9 au centre-ville de <strong>Tournai<\/strong>, mais est actif sur toute l\u2019entit\u00e9 de Tournai, ainsi que sur <strong>Pecq<\/strong>.<\/p>\n<p>Pour rentrer en contact avec Canal J, il est possible de le faire via les <strong>permanences dans nos locaux<\/strong> (si les heures de permanences ne conviennent pas, il est \u00e9galement possible de prendre un <strong>rendez-vous par t\u00e9l\u00e9phone<\/strong>).<\/p>\n<p>Nous travaillons <strong>\u00e0 la demande, gratuitement<\/strong> et de fa\u00e7on confidentielle (pas de divulgation des informations donn\u00e9es).<\/p>\n<p>La <strong>collaboration active<\/strong> de la personne est la base de tout travail individuel. La demande peut \u00eatre faite par la personne elle-m\u00eame (les parents ou le jeune), ou par un autre service qui oriente.<\/p>\n<p>L&rsquo;A.M.O. travaillant sans mandat, la personne concern\u00e9e a le droit, \u00e0 tout moment, de mettre fin \u00e0 l&rsquo;intervention.<\/p>\n<p>Toutes les infos pratiques sont sur la page <a href=\"http:\/\/canalj.be\/\">d&rsquo;accueil<\/a><\/p>\n\n\n<p><\/p>\n","protected":false},"excerpt":{"rendered":"<p>Canal J peut accompagner, aider les jeunes de 0 \u00e0 22 ans et\/ou leur famille dans diff\u00e9rents domaines : \u00e9ducatif,&hellip;<\/p>\n","protected":false},"author":1,"featured_media":0,"parent":0,"menu_order":1,"comment_status":"closed","ping_status":"closed","template":"","meta":[],"_links":{"self":[{"href":"https:\/\/canalj.be\/index.php\/wp-json\/wp\/v2\/pages\/16"}],"collection":[{"href":"https:\/\/canalj.be\/index.php\/wp-json\/wp\/v2\/pages"}],"about":[{"href":"https:\/\/canalj.be\/index.php\/wp-json\/wp\/v2\/types\/page"}],"author":[{"embeddable":true,"href":"https:\/\/canalj.be\/index.php\/wp-json\/wp\/v2\/users\/1"}],"replies":[{"embeddable":true,"href":"https:\/\/canalj.be\/index.php\/wp-json\/wp\/v2\/comments?post=16"}],"version-history":[{"count":27,"href":"https:\/\/canalj.be\/index.php\/wp-json\/wp\/v2\/pages\/16\/revisions"}],"predecessor-version":[{"id":835,"href":"https:\/\/canalj.be\/index.php\/wp-json\/wp\/v2\/pages\/16\/revisions\/835"}],"wp:attachment":[{"href":"https:\/\/canalj.be\/index.php\/wp-json\/wp\/v2\/media?parent=16"}],"curies":[{"name":"wp","href":"https:\/\/api.w.org\/{rel}","templated":true}]}}