{"id":110,"date":"2019-01-24T14:54:08","date_gmt":"2019-01-24T13:54:08","guid":{"rendered":"http:\/\/canalj.be\/?page_id=110"},"modified":"2024-09-25T10:17:08","modified_gmt":"2024-09-25T08:17:08","slug":"liens-utiles","status":"publish","type":"page","link":"https:\/\/canalj.be\/index.php\/liens-utiles\/","title":{"rendered":"Liens utiles"},"content":{"rendered":"\n<p>Des services ou associations de qualit\u00e9 que nous conseillons r\u00e9guli\u00e8rement dans le cadre de notre travail :<br><br>&#8211; <a rel=\"noreferrer noopener\" aria-label=\"Port'Ouverte (s\u2019ouvre dans un nouvel onglet)\" href=\"https:\/\/www.portouverte.net\/\" target=\"_blank\">Port&rsquo;Ouverte<\/a> : maison de jeunes situ\u00e9e dans le quartier St-Lazare, proche du Vert-Bocage et de Carbonelle. Lieu d&rsquo;accueil, d&rsquo;activit\u00e9s, \u00e9cole de devoirs pour les ados.<br><br>&#8211; <a rel=\"noreferrer noopener\" aria-label=\"Luch'Ouverte (s\u2019ouvre dans un nouvel onglet)\" href=\"https:\/\/www.portouverte.net\/?-luch-ouverte-\" target=\"_blank\">Luch&rsquo;Ouverte<\/a> : extension de la maison de jeunes <a rel=\"noreferrer noopener\" aria-label=\"Port'Ouverte (s\u2019ouvre dans un nouvel onglet)\" href=\"https:\/\/www.portouverte.net\/\" target=\"_blank\">Port&rsquo;Ouverte<\/a>, situ\u00e9e au Luchet d&rsquo;Antoing. Lieu d&rsquo;accueil, d&rsquo;activit\u00e9s, \u00e9cole de devoirs pour enfants et ados. <br><br>&#8211; <a rel=\"noreferrer noopener\" aria-label=\"Masure 14 (s\u2019ouvre dans un nouvel onglet)\" href=\"http:\/\/www.masure14.be\/\" target=\"_blank\">Masure 14<\/a> : maison de jeunes situ\u00e9e dans le quartier Ste Marguerite, proche de la place de Lille. Lieu d&rsquo;accueil et d&rsquo;activit\u00e9s pour les ados.<br><br>&#8211;  <a rel=\"noreferrer noopener\" aria-label=\"Pas \u00e0 pas (s\u2019ouvre dans un nouvel onglet)\" href=\"https:\/\/www.facebook.com\/Pas-%C3%A0-pas-Tournai-1717548115156004\/\" target=\"_blank\">Pas \u00e0 pas<\/a> : Lieu de rencontre pour enfants de 0 \u00e0 3 ans accompagn\u00e9s d\u2019un adulte r\u00e9f\u00e9rent.\u00a0 <br><br>&#8211; <a rel=\"noreferrer noopener\" href=\"https:\/\/inforjeunes.be\/centre\/tournai\/\" target=\"_blank\">Infor-Jeunes Tournai<\/a> : Toutes les informations qui concernent les jeunes : \u00e9tudes, kot, job \u00e9tudiant&#8230;<br><br>&#8211; <a rel=\"noreferrer noopener\" href=\"https:\/\/citadelle-asbl.org\/\" target=\"_blank\">Citadelle<\/a> : Service d&rsquo;aide et soins sp\u00e9cialis\u00e9s assu\u00e9tudes (consommation, toxicomanie)<br><br>&#8211; <a rel=\"noreferrer noopener\" aria-label=\"C'est l'\u00e9t\u00e9 (s\u2019ouvre dans un nouvel onglet)\" href=\"http:\/\/cestlete.be\/\" target=\"_blank\">C&rsquo;est l&rsquo;\u00e9t\u00e9<\/a> : programme d&rsquo;activit\u00e9s gratuites pour enfants et ados durant les vacances d&rsquo;\u00e9t\u00e9. Le programme est mis en ligne aux alentours du mois d&rsquo;avril.<br><br>&#8211; <a rel=\"noreferrer noopener\" href=\"https:\/\/monamo.be\/\" target=\"_blank\">MonAmo.be<\/a> : le site des 9 AMO de l&rsquo;arrondissement Tournai-Mons.<\/p>\n","protected":false},"excerpt":{"rendered":"<p>Des services ou associations de qualit\u00e9 que nous conseillons r\u00e9guli\u00e8rement dans le cadre de notre travail : &#8211; Port&rsquo;Ouverte :&hellip;<\/p>\n","protected":false},"author":1,"featured_media":0,"parent":0,"menu_order":4,"comment_status":"closed","ping_status":"closed","template":"","meta":[],"_links":{"self":[{"href":"https:\/\/canalj.be\/index.php\/wp-json\/wp\/v2\/pages\/110"}],"collection":[{"href":"https:\/\/canalj.be\/index.php\/wp-json\/wp\/v2\/pages"}],"about":[{"href":"https:\/\/canalj.be\/index.php\/wp-json\/wp\/v2\/types\/page"}],"author":[{"embeddable":true,"href":"https:\/\/canalj.be\/index.php\/wp-json\/wp\/v2\/users\/1"}],"replies":[{"embeddable":true,"href":"https:\/\/canalj.be\/index.php\/wp-json\/wp\/v2\/comments?post=110"}],"version-history":[{"count":18,"href":"https:\/\/canalj.be\/index.php\/wp-json\/wp\/v2\/pages\/110\/revisions"}],"predecessor-version":[{"id":823,"href":"https:\/\/canalj.be\/index.php\/wp-json\/wp\/v2\/pages\/110\/revisions\/823"}],"wp:attachment":[{"href":"https:\/\/canalj.be\/index.php\/wp-json\/wp\/v2\/media?parent=110"}],"curies":[{"name":"wp","href":"https:\/\/api.w.org\/{rel}","templated":true}]}}