{"id":10,"date":"2018-01-31T09:39:23","date_gmt":"2018-01-31T08:39:23","guid":{"rendered":"http:\/\/canalj.be\/?page_id=10"},"modified":"2025-11-14T10:04:54","modified_gmt":"2025-11-14T09:04:54","slug":"projets","status":"publish","type":"page","link":"https:\/\/canalj.be\/index.php\/projets\/","title":{"rendered":"Nos actions"},"content":{"rendered":"<p><strong>Parall\u00e8lement au travail individuel, Canal J m\u00e8ne diff\u00e9rents projets d&rsquo;actions de pr\u00e9vention sociale. Les th\u00e9matiques sont choisies en fonctions des probl\u00e9matiques individuelles r\u00e9currentes, des constats des travailleurs, ou d&rsquo;interpellations.<\/strong><\/p>\n<p><strong>&nbsp;<\/strong><\/p>\n<p><\/p>\n<hr>\n<p><strong>Cit\u00e9 Marcel Carbonelle<\/strong><\/p>\n<p>Canal J est&nbsp;pr\u00e9sent dans la cit\u00e9 Marcel Carbonelle le mercredi apr\u00e8s-midi.<\/p>\n<p>Nous proposons des jeux, activit\u00e9s et animations sportives le mercredi avec des enfants et des adolescents. Nous avons \u00e9galement collabor\u00e9 \u00e0 la f\u00eate d\u2019Halloween. Actuellement, nous travaillons sur un projet artistique : l&rsquo;Art dans la cit\u00e9, o\u00f9 l&rsquo;espace public est investi avec des cr\u00e9ations r\u00e9alis\u00e9es avec les jeunes et les parents.<\/p>\n<p>Notre pr\u00e9sence a \u00e9galement un but plus ambitieux : \u00eatre le lien, le coup de pouce, qui pourrait permettre aux habitants de se sentir bien dans leur quartier. Nous pouvons par exemple soutenir toute demande faite par les habitants pour am\u00e9liorer leur cadre de vie, accompagner dans les d\u00e9marches \u00e0 effectuer, apporter une aide administrative ou logistique.<\/p>\n\n\n<figure class=\"is-layout-flex wp-block-gallery-1 wp-block-gallery has-nested-images columns-default is-cropped\">\n<figure class=\"wp-block-image\"><img decoding=\"async\" loading=\"lazy\" width=\"400\" height=\"300\" data-id=\"738\"  src=\"https:\/\/canalj.be\/wp-content\/uploads\/2023\/02\/201464815_4607149119329262_1445309496157269378_n.jpg\" alt=\"\" class=\"wp-image-738\" srcset=\"https:\/\/canalj.be\/wp-content\/uploads\/2023\/02\/201464815_4607149119329262_1445309496157269378_n.jpg 400w, https:\/\/canalj.be\/wp-content\/uploads\/2023\/02\/201464815_4607149119329262_1445309496157269378_n-300x225.jpg 300w\" sizes=\"(max-width: 400px) 100vw, 400px\" \/><\/figure>\n\n\n\n<figure class=\"wp-block-image\"><img decoding=\"async\" loading=\"lazy\" width=\"400\" height=\"300\" data-id=\"740\"  src=\"https:\/\/canalj.be\/wp-content\/uploads\/2023\/02\/281565049_505516814476848_3980742873019170085_n.jpg\" alt=\"\" class=\"wp-image-740\" srcset=\"https:\/\/canalj.be\/wp-content\/uploads\/2023\/02\/281565049_505516814476848_3980742873019170085_n.jpg 400w, https:\/\/canalj.be\/wp-content\/uploads\/2023\/02\/281565049_505516814476848_3980742873019170085_n-300x225.jpg 300w\" sizes=\"(max-width: 400px) 100vw, 400px\" \/><\/figure>\n\n\n\n<figure class=\"wp-block-image\"><img decoding=\"async\" loading=\"lazy\" width=\"400\" height=\"300\" data-id=\"741\"  src=\"https:\/\/canalj.be\/wp-content\/uploads\/2023\/02\/293226599_1058869724758973_3983177339162635512_n.jpg\" alt=\"\" class=\"wp-image-741\" srcset=\"https:\/\/canalj.be\/wp-content\/uploads\/2023\/02\/293226599_1058869724758973_3983177339162635512_n.jpg 400w, https:\/\/canalj.be\/wp-content\/uploads\/2023\/02\/293226599_1058869724758973_3983177339162635512_n-300x225.jpg 300w\" sizes=\"(max-width: 400px) 100vw, 400px\" \/><\/figure>\n<\/figure>\n\n\n<hr>\n<p><strong>M\u00f4mes en \u00e9veil<br><\/strong><br>Ce projet, en partenariat avec l&rsquo;ONE de Pecq, propose des activit\u00e9s diversifi\u00e9es (psychomotricit\u00e9, musique, balade cont\u00e9e, atelier cr\u00e9atif&#8230;), pour les enfants de 0 \u00e0 3 ans (en dehors des cong\u00e9s scolaires), mais aussi pour les plus grands durant les cong\u00e9s. Les rencontres ont lieu tous les deux mois et commencent g\u00e9n\u00e9ralement par la r\u00e9alisation d&rsquo;une recette qui sera d\u00e9gust\u00e9e en fin d&rsquo;activit\u00e9 afin de cr\u00e9er du lien entre parents\/enfants et encadrants.<\/p>\n<p>Les objectifs de ce projet sont de soutenir la relation entre l&rsquo;enfant et ses parents, de favoriser la socialisation pr\u00e9coce de l&rsquo;enfant, ainsi que son d\u00e9veloppement global. Il permet \u00e9galement de rompre l&rsquo;isolement social.<\/p>\n\n\n<figure class=\"is-layout-flex wp-block-gallery-3 wp-block-gallery has-nested-images columns-default is-cropped\">\n<figure class=\"wp-block-image\"><img decoding=\"async\" loading=\"lazy\" width=\"400\" height=\"300\" data-id=\"471\"  src=\"https:\/\/canalj.be\/wp-content\/uploads\/2019\/02\/01-1.jpg\" alt=\"\" class=\"wp-image-471\" srcset=\"https:\/\/canalj.be\/wp-content\/uploads\/2019\/02\/01-1.jpg 400w, https:\/\/canalj.be\/wp-content\/uploads\/2019\/02\/01-1-300x225.jpg 300w\" sizes=\"(max-width: 400px) 100vw, 400px\" \/><\/figure>\n\n\n\n<figure class=\"wp-block-image\"><img decoding=\"async\" loading=\"lazy\" width=\"400\" height=\"300\" data-id=\"472\"  src=\"https:\/\/canalj.be\/wp-content\/uploads\/2019\/02\/02-1.jpg\" alt=\"\" class=\"wp-image-472\" srcset=\"https:\/\/canalj.be\/wp-content\/uploads\/2019\/02\/02-1.jpg 400w, https:\/\/canalj.be\/wp-content\/uploads\/2019\/02\/02-1-300x225.jpg 300w\" sizes=\"(max-width: 400px) 100vw, 400px\" \/><\/figure>\n\n\n\n<figure class=\"wp-block-image\"><img decoding=\"async\" loading=\"lazy\" width=\"400\" height=\"300\" data-id=\"473\"  src=\"https:\/\/canalj.be\/wp-content\/uploads\/2019\/02\/03-1.jpg\" alt=\"\" class=\"wp-image-473\" srcset=\"https:\/\/canalj.be\/wp-content\/uploads\/2019\/02\/03-1.jpg 400w, https:\/\/canalj.be\/wp-content\/uploads\/2019\/02\/03-1-300x225.jpg 300w\" sizes=\"(max-width: 400px) 100vw, 400px\" \/><\/figure>\n<\/figure>\n\n\n<hr>\n<p><strong>C&rsquo;est l&rsquo;\u00e9t\u00e9 <\/strong><\/p>\n<p>En partenariat avec les maisons de jeunes <a href=\"http:\/\/www.masure14.be\/\">Masure 14<\/a> et <a href=\"https:\/\/www.portouverte.net\/\">Port&rsquo;Ouverte<\/a>, le programme \u00ab&nbsp;C&rsquo;est l&nbsp;&lsquo;\u00e9t\u00e9&nbsp;\u00bb propose durant les vacances d&rsquo;\u00e9t\u00e9, des activit\u00e9s gratuites, originales, et accessibles \u00e0 tous les jeunes tournaisiens.<\/p>\n<p>Outre les objectifs d\u00e9coulant des diff\u00e9rents stages propos\u00e9s (d\u00e9velopper les comp\u00e9tences cr\u00e9atives et artistiques, d\u00e9couverte de nouveaux jeux, de nouveaux sports, stimuler la curiosit\u00e9 naturelle de l\u2019enfant,\u2026 ), les associations permettent un encadrement par des&nbsp; professionnels de l\u2019\u00e9ducation et peuvent ainsi travailler des objectifs tels que le renforcement de l\u2019estime de soi, l\u2019apprentissage de la vie sociale, l\u2019accompagnement des jeunes pour qu\u2019ils deviennent des CRACS (Citoyens&nbsp; Responsables Actifs Critiques et Solidaires).<\/p>\n<p>Le programme est consultable chaque ann\u00e9e sur le site de <a href=\"http:\/\/cestlete.be\/\">C&rsquo;est l&rsquo;\u00e9t\u00e9<\/a> (mis \u00e0 jour aux alentours du mois d&rsquo;avril).<\/p>\n\n\n<figure class=\"is-layout-flex wp-block-gallery-5 wp-block-gallery has-nested-images columns-default is-cropped\">\n<figure class=\"wp-block-image\"><img decoding=\"async\" loading=\"lazy\" width=\"400\" height=\"300\" data-id=\"327\"  src=\"https:\/\/canalj.be\/wp-content\/uploads\/2019\/01\/DSC06899.jpg\" alt=\"\" class=\"wp-image-327\" srcset=\"https:\/\/canalj.be\/wp-content\/uploads\/2019\/01\/DSC06899.jpg 400w, https:\/\/canalj.be\/wp-content\/uploads\/2019\/01\/DSC06899-300x225.jpg 300w\" sizes=\"(max-width: 400px) 100vw, 400px\" \/><\/figure>\n\n\n\n<figure class=\"wp-block-image\"><img decoding=\"async\" loading=\"lazy\" width=\"400\" height=\"300\" data-id=\"328\"  src=\"https:\/\/canalj.be\/wp-content\/uploads\/2019\/01\/DSCF0851.jpg\" alt=\"\" class=\"wp-image-328\" srcset=\"https:\/\/canalj.be\/wp-content\/uploads\/2019\/01\/DSCF0851.jpg 400w, https:\/\/canalj.be\/wp-content\/uploads\/2019\/01\/DSCF0851-300x225.jpg 300w\" sizes=\"(max-width: 400px) 100vw, 400px\" \/><\/figure>\n\n\n\n<figure class=\"wp-block-image\"><img decoding=\"async\" loading=\"lazy\" width=\"400\" height=\"300\" data-id=\"329\"  src=\"https:\/\/canalj.be\/wp-content\/uploads\/2019\/01\/P1000474.jpg\" alt=\"\" class=\"wp-image-329\" srcset=\"https:\/\/canalj.be\/wp-content\/uploads\/2019\/01\/P1000474.jpg 400w, https:\/\/canalj.be\/wp-content\/uploads\/2019\/01\/P1000474-300x225.jpg 300w\" sizes=\"(max-width: 400px) 100vw, 400px\" \/><\/figure>\n<\/figure>\n\n\n\n<figure class=\"is-layout-flex wp-block-gallery-7 wp-block-gallery has-nested-images columns-default is-cropped\"><\/figure>\n\n\n<hr>\n<p><strong>Activit\u00e9s jeunes et familles<\/strong><\/p>\n<p>Dans le cadre de l&rsquo;accompagnement individuel et des contacts r\u00e9guliers avec les familles, Canal J propose des activit\u00e9s enfants, ados, et parents\/enfants.<br>Ces activit\u00e9s sont uniquement propos\u00e9es aux jeunes suivis r\u00e9guli\u00e8rement \u00e0 Canal J, afin de leur donner un espace d\u2019expression hors entretien, de pouvoir am\u00e9liorer les relations avec d\u2019autres jeunes, de pouvoir \u00eatre valoris\u00e9s par des activit\u00e9s constructives et positives, de d\u00e9couvrir une activit\u00e9&#8230;<\/p>\n<p>De plus, ces activit\u00e9s permettent de travailler le lien entre parents et enfants afin qu\u2019ils puissent le reproduire dans le cadre familial.<\/p>\n\n\n<figure class=\"is-layout-flex wp-block-gallery-9 wp-block-gallery has-nested-images columns-default is-cropped\">\n<figure class=\"wp-block-image\"><img decoding=\"async\" loading=\"lazy\" width=\"400\" height=\"300\" data-id=\"354\"  src=\"https:\/\/canalj.be\/wp-content\/uploads\/2019\/01\/DSCN0089.jpg\" alt=\"\" class=\"wp-image-354\" srcset=\"https:\/\/canalj.be\/wp-content\/uploads\/2019\/01\/DSCN0089.jpg 400w, https:\/\/canalj.be\/wp-content\/uploads\/2019\/01\/DSCN0089-300x225.jpg 300w\" sizes=\"(max-width: 400px) 100vw, 400px\" \/><\/figure>\n\n\n\n<figure class=\"wp-block-image\"><img decoding=\"async\" loading=\"lazy\" width=\"400\" height=\"300\" data-id=\"355\"  src=\"https:\/\/canalj.be\/wp-content\/uploads\/2019\/01\/DSCN0173.jpg\" alt=\"\" class=\"wp-image-355\" srcset=\"https:\/\/canalj.be\/wp-content\/uploads\/2019\/01\/DSCN0173.jpg 400w, https:\/\/canalj.be\/wp-content\/uploads\/2019\/01\/DSCN0173-300x225.jpg 300w\" sizes=\"(max-width: 400px) 100vw, 400px\" \/><\/figure>\n\n\n\n<figure class=\"wp-block-image\"><img decoding=\"async\" loading=\"lazy\" width=\"400\" height=\"300\" data-id=\"356\"  src=\"https:\/\/canalj.be\/wp-content\/uploads\/2019\/01\/DSCN0636.jpg\" alt=\"\" class=\"wp-image-356\" srcset=\"https:\/\/canalj.be\/wp-content\/uploads\/2019\/01\/DSCN0636.jpg 400w, https:\/\/canalj.be\/wp-content\/uploads\/2019\/01\/DSCN0636-300x225.jpg 300w\" sizes=\"(max-width: 400px) 100vw, 400px\" \/><\/figure>\n<\/figure>\n\n\n<hr>\n<p><strong>Groupe ados<\/strong><\/p>\n<p>Ce projet permet \u00e0 un groupe d&rsquo;ados (uniquement les jeunes suivis r\u00e9guli\u00e8rement par Canal J) de participer \u00e0 l&rsquo;\u00e9laboration d&rsquo;un camp d&rsquo;\u00e9t\u00e9, de la conception \u00e0 la r\u00e9alisation. <br>Les ados sont associ\u00e9s \u00e0 la mise en place, le financement, l&rsquo;organisation (et bien \u00e9videmment la r\u00e9alisation) du camp durant toute l&rsquo;ann\u00e9e scolaire.<\/p>\n<p>L&rsquo;objectif de ce projet est de pouvoir prendre part \u00e0 un projet et le mener \u00e0 bien, sortir de la notion de \u00ab&nbsp;confort&nbsp;\u00bb v\u00e9cue \u00e0 la maison, via notamment les chantiers et le camp.<br>Le choix du camp, du lieu, et des activit\u00e9s r\u00e9alis\u00e9es sont laiss\u00e9s au choix du groupe, avec toutefois les contraintes de budget, de temps&#8230;<\/p>\n<p>Le camp en lui-m\u00eame permet aux jeunes de sortir de leur cadre de vie, de voir d&rsquo;autres horizons, d\u00e9couvrir d&rsquo;autres cultures, de vivre des exp\u00e9riences fortes et sortant de l&rsquo;ordinaire. Pour m\u00fbrir, pour \u00e9voluer, pour consid\u00e9rer son milieu de vie avec un autre regard.&nbsp;<\/p>\n<ul class=\"wp-block-gallery columns-3 is-cropped\">\n<li class=\"blocks-gallery-item\">\n<figure><img decoding=\"async\" loading=\"lazy\" width=\"300\" height=\"225\" class=\"wp-image-301\" src=\"http:\/\/canalj.be\/wp-content\/uploads\/2019\/01\/DSCN0363-1.jpg\" alt=\"\" data-id=\"301\" data-link=\"http:\/\/canalj.be\/index.php\/projets\/dscn0363-2\/\"><\/figure>\n<\/li>\n<li class=\"blocks-gallery-item\">\n<figure><img decoding=\"async\" loading=\"lazy\" width=\"300\" height=\"225\" class=\"wp-image-302\" src=\"http:\/\/canalj.be\/wp-content\/uploads\/2019\/01\/DSCN0448-1.jpg\" alt=\"\" data-id=\"302\" data-link=\"http:\/\/canalj.be\/index.php\/projets\/dscn0448-2\/\"><\/figure>\n<\/li>\n<li class=\"blocks-gallery-item\">\n<figure><img decoding=\"async\" loading=\"lazy\" width=\"300\" height=\"225\" class=\"wp-image-303\" src=\"http:\/\/canalj.be\/wp-content\/uploads\/2019\/01\/IMG_20180705_213326-1.jpg\" alt=\"\" data-id=\"303\" data-link=\"http:\/\/canalj.be\/index.php\/projets\/img_20180705_213326-2\/\"><\/figure>\n<\/li>\n<\/ul>\n<hr>\n<p><strong>Camp enfants<\/strong><\/p>\n<p align=\"LEFT\"><span style=\"font-size: medium;\">Le camp enfants 6-10 ans s&rsquo;adresse uniquement aux jeunes suivis \u00e0 Canal J.<\/span><\/p>\n<p align=\"LEFT\"><span style=\"font-size: medium;\">Celui-ci permet de r\u00e9aliser des activit\u00e9s de plein air dans un espace vert, avec un cadre s\u00e9curis\u00e9. L&rsquo;activit\u00e9 du camp confronte les principes \u00e9ducatifs aux r\u00e9alit\u00e9s quotidiennes, et permet de \u00e9galement de<\/span><span style=\"font-size: medium;\"> favoriser la socialisation, la solidarit\u00e9 et l&rsquo;esprit de coop\u00e9ration.<\/span><\/p>\n<p align=\"LEFT\"><span style=\"font-size: medium;\">Ces moments de relations privil\u00e9gi\u00e9es d\u00e9veloppent la confiance en soi et l&rsquo;autonomie.<\/span><\/p>\n\n\n<figure class=\"is-layout-flex wp-block-gallery-11 wp-block-gallery has-nested-images columns-default is-cropped\">\n<figure class=\"wp-block-image\"><img decoding=\"async\" loading=\"lazy\" width=\"400\" height=\"225\" data-id=\"316\"  src=\"https:\/\/canalj.be\/wp-content\/uploads\/2019\/01\/camp-jeunes-2018-114.jpg\" alt=\"\" class=\"wp-image-316\" srcset=\"https:\/\/canalj.be\/wp-content\/uploads\/2019\/01\/camp-jeunes-2018-114.jpg 400w, https:\/\/canalj.be\/wp-content\/uploads\/2019\/01\/camp-jeunes-2018-114-300x169.jpg 300w\" sizes=\"(max-width: 400px) 100vw, 400px\" \/><\/figure>\n\n\n\n<figure class=\"wp-block-image\"><img decoding=\"async\" loading=\"lazy\" width=\"400\" height=\"225\" data-id=\"317\"  src=\"https:\/\/canalj.be\/wp-content\/uploads\/2019\/01\/camp-jeunes-2018-124.jpg\" alt=\"\" class=\"wp-image-317\" srcset=\"https:\/\/canalj.be\/wp-content\/uploads\/2019\/01\/camp-jeunes-2018-124.jpg 400w, https:\/\/canalj.be\/wp-content\/uploads\/2019\/01\/camp-jeunes-2018-124-300x169.jpg 300w\" sizes=\"(max-width: 400px) 100vw, 400px\" \/><\/figure>\n\n\n\n<figure class=\"wp-block-image\"><img decoding=\"async\" loading=\"lazy\" width=\"400\" height=\"225\" data-id=\"318\"  src=\"https:\/\/canalj.be\/wp-content\/uploads\/2019\/01\/divers-152.jpg\" alt=\"\" class=\"wp-image-318\" srcset=\"https:\/\/canalj.be\/wp-content\/uploads\/2019\/01\/divers-152.jpg 400w, https:\/\/canalj.be\/wp-content\/uploads\/2019\/01\/divers-152-300x169.jpg 300w\" sizes=\"(max-width: 400px) 100vw, 400px\" \/><\/figure>\n<\/figure>\n\n\n<hr>\n<p><strong>Pas \u00e0 pas<br><\/strong>Lieu de rencontre pour enfants de 0 \u00e0 3 ans accompagn\u00e9s d&rsquo;un adulte r\u00e9f\u00e9rent. <a href=\"https:\/\/www.facebook.com\/Pas-%C3%A0-pas-Tournai-1717548115156004\/\">Page Facebook<\/a><\/p>\n\n\n<figure class=\"is-layout-flex wp-block-gallery-13 wp-block-gallery has-nested-images columns-default is-cropped\">\n<figure class=\"wp-block-image\"><img decoding=\"async\" loading=\"lazy\" width=\"400\" height=\"300\" data-id=\"458\"  src=\"https:\/\/canalj.be\/wp-content\/uploads\/2019\/02\/01.jpg\" alt=\"\" class=\"wp-image-458\" srcset=\"https:\/\/canalj.be\/wp-content\/uploads\/2019\/02\/01.jpg 400w, https:\/\/canalj.be\/wp-content\/uploads\/2019\/02\/01-300x225.jpg 300w\" sizes=\"(max-width: 400px) 100vw, 400px\" \/><\/figure>\n\n\n\n<figure class=\"wp-block-image\"><img decoding=\"async\" loading=\"lazy\" width=\"400\" height=\"300\" data-id=\"459\"  src=\"https:\/\/canalj.be\/wp-content\/uploads\/2019\/02\/02.jpg\" alt=\"\" class=\"wp-image-459\" srcset=\"https:\/\/canalj.be\/wp-content\/uploads\/2019\/02\/02.jpg 400w, https:\/\/canalj.be\/wp-content\/uploads\/2019\/02\/02-300x225.jpg 300w\" sizes=\"(max-width: 400px) 100vw, 400px\" \/><\/figure>\n\n\n\n<figure class=\"wp-block-image\"><img decoding=\"async\" loading=\"lazy\" width=\"400\" height=\"300\" data-id=\"460\"  src=\"https:\/\/canalj.be\/wp-content\/uploads\/2019\/02\/03.jpg\" alt=\"\" class=\"wp-image-460\" srcset=\"https:\/\/canalj.be\/wp-content\/uploads\/2019\/02\/03.jpg 400w, https:\/\/canalj.be\/wp-content\/uploads\/2019\/02\/03-300x225.jpg 300w\" sizes=\"(max-width: 400px) 100vw, 400px\" \/><\/figure>\n<\/figure>\n\n\n<hr \/>\n<p><strong>Groupe parents<br \/><\/strong><br \/>Parall\u00e8lement au travail men\u00e9 en famille, Canal J propose aux parents qui le souhaitent (et dont les enfants sont suivis \u00e0 Canal J), d&rsquo;avoir un \u00ab\u00a0espace \u00e0 eux\u00a0\u00bb, de pouvoir r\u00e9aliser des activit\u00e9s choisies par le groupe, comme par exemple des trucs et astuces culinaires, des visites diverses (mus\u00e9es&#8230;), balades, mais aussi de pouvoir \u00e9changer sur l&rsquo;\u00e9ducation des enfants, pour se rendre compte que l&rsquo;on n&rsquo;est pas seul \u00e0 vivre ces difficult\u00e9s&#8230;\u00a0<\/p>\n<hr \/>\n<p><strong>Travail en r\u00e9seau<br \/><\/strong><br \/>Canal J participe \u00e9galement \u00e0 diff\u00e9rentes plates-formes, groupes de r\u00e9flexion\/action, commissions, dans le but de faire entendre la parole des jeunes, des professionnels, et d&rsquo;interpeller les pouvoirs publics lorsque c&rsquo;est n\u00e9cessaire.<\/p>\n<p>&#8211; CAAJ (Conseil d&rsquo;Arrondissement de l&rsquo;Aide \u00e0 la Jeunesse)<br \/>&#8211; Jeunes en errance<br \/>&#8211; Commission Pauvret\u00e9 du CAAJ<br \/>&#8211; DAL (Droit Au Logement)<br \/>&#8211; Plate-forme d\u2019int\u00e9gration des personnes \u00e9trang\u00e8res sur Tournai<br \/>&#8211; <a href=\"http:\/\/www.citadelle-asbl.org\/prevention.htm\">P\u00e9riscope<\/a><\/p>\n<p>\u00a0<\/p>","protected":false},"excerpt":{"rendered":"<p>Parall\u00e8lement au travail individuel, Canal J m\u00e8ne diff\u00e9rents projets d&rsquo;actions de pr\u00e9vention sociale. Les th\u00e9matiques sont choisies en fonctions des&hellip;<\/p>\n","protected":false},"author":1,"featured_media":0,"parent":0,"menu_order":2,"comment_status":"closed","ping_status":"closed","template":"","meta":[],"_links":{"self":[{"href":"https:\/\/canalj.be\/index.php\/wp-json\/wp\/v2\/pages\/10"}],"collection":[{"href":"https:\/\/canalj.be\/index.php\/wp-json\/wp\/v2\/pages"}],"about":[{"href":"https:\/\/canalj.be\/index.php\/wp-json\/wp\/v2\/types\/page"}],"author":[{"embeddable":true,"href":"https:\/\/canalj.be\/index.php\/wp-json\/wp\/v2\/users\/1"}],"replies":[{"embeddable":true,"href":"https:\/\/canalj.be\/index.php\/wp-json\/wp\/v2\/comments?post=10"}],"version-history":[{"count":86,"href":"https:\/\/canalj.be\/index.php\/wp-json\/wp\/v2\/pages\/10\/revisions"}],"predecessor-version":[{"id":863,"href":"https:\/\/canalj.be\/index.php\/wp-json\/wp\/v2\/pages\/10\/revisions\/863"}],"wp:attachment":[{"href":"https:\/\/canalj.be\/index.php\/wp-json\/wp\/v2\/media?parent=10"}],"curies":[{"name":"wp","href":"https:\/\/api.w.org\/{rel}","templated":true}]}}